{"id":29,"date":"2025-05-23T10:43:31","date_gmt":"2025-05-23T10:43:31","guid":{"rendered":"https:\/\/silenceclinic.com\/lab\/?page_id=29"},"modified":"2025-05-23T10:43:31","modified_gmt":"2025-05-23T10:43:31","slug":"contact","status":"publish","type":"page","link":"https:\/\/silenceclinic.com\/lab\/contact\/","title":{"rendered":"Contact"},"content":{"rendered":"\n<html charset=\"utf-8\">\n<head>\n    <meta http-equiv=\"content-type\" content=\"text\/html;charset=utf-8\" \/>\n\n    <style type=\"text\/css\">\n        .form-style-1 {\n            margin: 10px auto;\n            max-width: 400px;\n            padding: 20px 12px 10px 20px;\n            font: 13px \"Lucida Sans Unicode\", \"Lucida Grande\", sans-serif;\n        }\n\n            .form-style-1 li {\n                padding: 0;\n                display: block;\n                list-style: none;\n                margin: 10px 0 0 0;\n            }\n\n            .form-style-1 label {\n                margin: 0 0 3px 0;\n                padding: 0px;\n                display: block;\n                font-weight: bold;\n            }\n\n            .form-style-1 input[type=\"text\"],\n            .form-style-1 input[type=\"date\"],\n            .form-style-1 input[type=\"datetime\"],\n            .form-style-1 input[type=\"number\"],\n            .form-style-1 input[type=\"search\"],\n            .form-style-1 input[type=\"time\"],\n            .form-style-1 input[type=\"url\"],\n            .form-style-1 input[type=\"email\"],\n            textarea,\n            select {\n                box-sizing: border-box;\n                -webkit-box-sizing: border-box;\n                -moz-box-sizing: border-box;\n                border: 1px solid #bebebe;\n                padding: 7px;\n                margin: 0px;\n                -webkit-transition: all 0.3s ease-in-out;\n                -moz-transition: all 0.3s ease-in-out;\n                -ms-transition: all 0.3s ease-in-out;\n                -o-transition: all 0.3s ease-in-out;\n                outline: none;\n            }\n\n                .form-style-1 input[type=\"text\"]:focus,\n                .form-style-1 input[type=\"date\"]:focus,\n                .form-style-1 input[type=\"datetime\"]:focus,\n                .form-style-1 input[type=\"number\"]:focus,\n                .form-style-1 input[type=\"search\"]:focus,\n                .form-style-1 input[type=\"time\"]:focus,\n                .form-style-1 input[type=\"url\"]:focus,\n                .form-style-1 input[type=\"email\"]:focus,\n                .form-style-1 textarea:focus,\n                .form-style-1 select:focus {\n                    -moz-box-shadow: 0 0 8px #88d5e9;\n                    -webkit-box-shadow: 0 0 8px #88d5e9;\n                    box-shadow: 0 0 8px #88d5e9;\n                    border: 1px solid #88d5e9;\n                }\n\n            .form-style-1 .field-divided {\n                width: 49%;\n            }\n\n            .form-style-1 .field-long {\n                width: 100%;\n            }\n\n            .form-style-1 .field-select {\n                width: 100%;\n            }\n\n            .form-style-1 .field-textarea {\n                height: 100px;\n            }\n\n            .form-style-1 input[type=\"submit\"],\n            .form-style-1 input[type=\"button\"] {\n                background: #4b99ad;\n                padding: 8px 15px 8px 15px;\n                border: none;\n                color: #fff;\n            }\n\n                .form-style-1 input[type=\"submit\"]:hover,\n                .form-style-1 input[type=\"button\"]:hover {\n                    background: #4691a4;\n                    box-shadow: none;\n                    -moz-box-shadow: none;\n                    -webkit-box-shadow: none;\n                }\n\n            .form-style-1 .required {\n                color: red;\n            }\n    <\/style>\n<\/head>\n<body>\n    <!-- You can customize form design or attributes as you wish. Pleae don't change input's names or form post method and encytype. -->\n    <!-- Input'lar\u0131n name'leri ve formun method action ve encytype'\u0131 de\u011fi\u015fmeyecek \u015fekilde istedi\u011finiz de\u011fi\u015fikli\u011fi html & css olarak formda uygulayabilirsiniz. -->\n\n    <form method=\"post\" action=\"https:\/\/no10clinic.stellamedi.com\/api\/websiteIntegration\/newForm\" enctype=\"multipart\/form-data\">\n\n        <input type=\"hidden\" name=\"accessToken\" value=\"96939ee6-ae2b-435d-a81b-dfc66d5a7def\" \/>\n        <input type=\"hidden\" name=\"tid\" value=\"846\" \/>\n\n        <!-- You can use file upload section \/ \u0130sterseniz dosya g\u00f6nderebilirsiniz -->\n        <!-- <input type=\"file\" \/> -->\n        <!-- You can set a return url in the system for auto-redirection after submitting. \/ Formun belirtilen adrese y\u00f6nlendirilmesi i\u00e7in sistemin ayarlar b\u00f6l\u00fcm\u00fcnden d\u00fczenleme yapabilirsiniz. -->\n\n        <ul class=\"form-style-1\">\n            <li>\n                <label>Name <span class=\"required\">*<\/span><\/label>\n                <input type=\"text\" name=\"leadName\" class=\"field-long\" \/>\n            <\/li>\n\n            <li>\n                <label>Phone<\/label>\n                <input type=\"text\" name=\"leadPhone\" class=\"field-long\" \/>\n            <\/li>\n\n            <li>\n                <label>E-Mail<\/label>\n                <input type=\"text\" name=\"leadMail\" class=\"field-long\" \/>\n            <\/li>\n\n            <li>\n                <label>Subject <span class=\"required\">*<\/span><\/label>\n                <input type=\"text\" name=\"Subject\" id=\"Subject\" class=\"field-long \" \/>\n            <\/li>\n\n            <li>\n                <label>Message <span class=\"required\">*<\/span><\/label>\n                <textarea name=\"Message\" id=\"Message\" class=\"field-long field-textarea\"><\/textarea>\n            <\/li>\n\n            <!--<li>\n                <input type=\"hidden\" id=\"st_gclid\" name=\"st_gclid\" value=\"\" \/>\n            <\/li>-->\n\n            <!-- Honeypot field -->\n            <li style=\"display:none\">\n                <!-- Bu alan bot tespitini kolayla\u015ft\u0131rmak i\u00e7in eklenmi\u015ftir. Ger\u00e7ek kullan\u0131c\u0131lar bu alan\u0131 doldurmaz. -->\n                <!-- This field has been added to make bot detection easier. It does not populate this area of \u200b\u200breal users. -->\n                <input type=\"text\" name=\"honeypot\" \/>\n            <\/li>\n\n            <li>\n                <button type=\"submit\" class=\"field-long\">Submit<\/button>\n            <\/li>\n        <\/ul>\n    <\/form>\n<\/body>\n<\/html>\n\n\n\n\n<p><\/p>\n","protected":false},"excerpt":{"rendered":"<p>Name * Phone E-Mail Subject * Message * Submit<\/p>\n","protected":false},"author":1,"featured_media":0,"parent":0,"menu_order":0,"comment_status":"closed","ping_status":"closed","template":"","meta":{"footnotes":""},"class_list":["post-29","page","type-page","status-publish","hentry"],"_links":{"self":[{"href":"https:\/\/silenceclinic.com\/lab\/wp-json\/wp\/v2\/pages\/29","targetHints":{"allow":["GET"]}}],"collection":[{"href":"https:\/\/silenceclinic.com\/lab\/wp-json\/wp\/v2\/pages"}],"about":[{"href":"https:\/\/silenceclinic.com\/lab\/wp-json\/wp\/v2\/types\/page"}],"author":[{"embeddable":true,"href":"https:\/\/silenceclinic.com\/lab\/wp-json\/wp\/v2\/users\/1"}],"replies":[{"embeddable":true,"href":"https:\/\/silenceclinic.com\/lab\/wp-json\/wp\/v2\/comments?post=29"}],"version-history":[{"count":1,"href":"https:\/\/silenceclinic.com\/lab\/wp-json\/wp\/v2\/pages\/29\/revisions"}],"predecessor-version":[{"id":34,"href":"https:\/\/silenceclinic.com\/lab\/wp-json\/wp\/v2\/pages\/29\/revisions\/34"}],"wp:attachment":[{"href":"https:\/\/silenceclinic.com\/lab\/wp-json\/wp\/v2\/media?parent=29"}],"curies":[{"name":"wp","href":"https:\/\/api.w.org\/{rel}","templated":true}]}}